{"id":40,"date":"2020-04-11T16:03:55","date_gmt":"2020-04-11T16:03:55","guid":{"rendered":"http:\/\/www.tulparaviation.com\/?page_id=40"},"modified":"2020-04-13T17:20:02","modified_gmt":"2020-04-13T17:20:02","slug":"ucretler","status":"publish","type":"page","link":"https:\/\/www.tulparaviation.com\/?page_id=40","title":{"rendered":"\u00dccretler"},"content":{"rendered":"\t\t<div data-elementor-type=\"wp-page\" data-elementor-id=\"40\" class=\"elementor elementor-40\">\n\t\t\t\t\t\t<section class=\"elementor-section elementor-top-section elementor-element elementor-element-d92349c elementor-section-boxed elementor-section-height-default elementor-section-height-default\" data-id=\"d92349c\" data-element_type=\"section\" data-e-type=\"section\">\n\t\t\t\t\t\t<div class=\"elementor-container elementor-column-gap-default\">\n\t\t\t\t\t<div class=\"elementor-column elementor-col-100 elementor-top-column elementor-element elementor-element-b4ae80d\" data-id=\"b4ae80d\" data-element_type=\"column\" data-e-type=\"column\">\n\t\t\t<div class=\"elementor-widget-wrap elementor-element-populated\">\n\t\t\t\t\t\t<div class=\"elementor-element elementor-element-d1e9ed7 animated-slow elementor-invisible elementor-widget elementor-widget-text-editor\" data-id=\"d1e9ed7\" data-element_type=\"widget\" data-e-type=\"widget\" data-settings=\"{&quot;_animation&quot;:&quot;flash&quot;,&quot;_animation_delay&quot;:0}\" data-widget_type=\"text-editor.default\">\n\t\t\t\t<div class=\"elementor-widget-container\">\n\t\t\t\t\t\t\t\t\t<p><strong>Fiyat bilgisi i\u00e7in; l\u00fctfen &#8220;<a href=\"http:\/\/www.tulparaviation.com\/?page_id=32\">Kay\u0131t \u0130\u015flemleri<\/a>&#8221; sayfam\u0131zdan ba\u015fvurunuzu yaparken fiyat isteyiniz&#8230;\u00a0<\/strong><\/p><p>Te\u015fekk\u00fcr ederiz.<\/p>\t\t\t\t\t\t\t\t<\/div>\n\t\t\t\t<\/div>\n\t\t\t\t\t<\/div>\n\t\t<\/div>\n\t\t\t\t\t<\/div>\n\t\t<\/section>\n\t\t\t\t<section class=\"elementor-section elementor-top-section elementor-element elementor-element-089d616 elementor-section-boxed elementor-section-height-default elementor-section-height-default\" data-id=\"089d616\" data-element_type=\"section\" data-e-type=\"section\">\n\t\t\t\t\t\t<div class=\"elementor-container elementor-column-gap-default\">\n\t\t\t\t\t<div class=\"elementor-column elementor-col-100 elementor-top-column elementor-element elementor-element-ccd2f82\" data-id=\"ccd2f82\" data-element_type=\"column\" data-e-type=\"column\">\n\t\t\t<div class=\"elementor-widget-wrap elementor-element-populated\">\n\t\t\t\t\t\t<div class=\"elementor-element elementor-element-638cf94 animated-slow elementor-invisible elementor-widget elementor-widget-text-editor\" data-id=\"638cf94\" data-element_type=\"widget\" data-e-type=\"widget\" data-settings=\"{&quot;_animation&quot;:&quot;flash&quot;,&quot;_animation_delay&quot;:300}\" data-widget_type=\"text-editor.default\">\n\t\t\t\t<div class=\"elementor-widget-container\">\n\t\t\t\t\t\t\t\t\t<p><a href=\"http:\/\/www.tulparaviation.com\/?page_id=7\"><strong>&lt;&#8211; Geri<\/strong><\/a><\/p>\t\t\t\t\t\t\t\t<\/div>\n\t\t\t\t<\/div>\n\t\t\t\t\t<\/div>\n\t\t<\/div>\n\t\t\t\t\t<\/div>\n\t\t<\/section>\n\t\t\t\t<\/div>\n\t\t ","protected":false},"excerpt":{"rendered":"<p>Fiyat bilgisi i\u00e7in; l\u00fctfen &#8220;Kay\u0131t \u0130\u015flemleri&#8221; sayfam\u0131zdan ba\u015fvurunuzu yaparken fiyat isteyiniz&#8230;\u00a0 Te\u015fekk\u00fcr ederiz. &lt;&#8211; Geri<\/p>\n","protected":false},"author":1,"featured_media":0,"parent":0,"menu_order":0,"comment_status":"closed","ping_status":"closed","template":"page-templates\/page_fullwidth.php","meta":{"footnotes":""},"class_list":["post-40","page","type-page","status-publish","hentry"],"_links":{"self":[{"href":"https:\/\/www.tulparaviation.com\/index.php?rest_route=\/wp\/v2\/pages\/40","targetHints":{"allow":["GET"]}}],"collection":[{"href":"https:\/\/www.tulparaviation.com\/index.php?rest_route=\/wp\/v2\/pages"}],"about":[{"href":"https:\/\/www.tulparaviation.com\/index.php?rest_route=\/wp\/v2\/types\/page"}],"author":[{"embeddable":true,"href":"https:\/\/www.tulparaviation.com\/index.php?rest_route=\/wp\/v2\/users\/1"}],"replies":[{"embeddable":true,"href":"https:\/\/www.tulparaviation.com\/index.php?rest_route=%2Fwp%2Fv2%2Fcomments&post=40"}],"version-history":[{"count":7,"href":"https:\/\/www.tulparaviation.com\/index.php?rest_route=\/wp\/v2\/pages\/40\/revisions"}],"predecessor-version":[{"id":325,"href":"https:\/\/www.tulparaviation.com\/index.php?rest_route=\/wp\/v2\/pages\/40\/revisions\/325"}],"wp:attachment":[{"href":"https:\/\/www.tulparaviation.com\/index.php?rest_route=%2Fwp%2Fv2%2Fmedia&parent=40"}],"curies":[{"name":"wp","href":"https:\/\/api.w.org\/{rel}","templated":true}]}}